{"id":1746,"date":"2022-04-14T10:52:38","date_gmt":"2022-04-14T10:52:38","guid":{"rendered":"https:\/\/apc.pt\/wp1\/?page_id=1746"},"modified":"2025-11-27T15:56:08","modified_gmt":"2025-11-27T15:56:08","slug":"elementor-1746","status":"publish","type":"page","link":"https:\/\/www.apc.pt\/wp\/","title":{"rendered":"In\u00edcio"},"content":{"rendered":"\t\t<div data-elementor-type=\"wp-post\" data-elementor-id=\"1746\" class=\"elementor elementor-1746\" data-elementor-post-type=\"page\">\n\t\t\t\t\t\t<section class=\"elementor-section elementor-top-section elementor-element elementor-element-1add2f3b elementor-section-boxed elementor-section-height-default elementor-section-height-default\" data-id=\"1add2f3b\" data-element_type=\"section\" data-e-type=\"section\" data-settings=\"{&quot;background_background&quot;:&quot;classic&quot;}\">\n\t\t\t\t\t\t<div class=\"elementor-container elementor-column-gap-default\">\n\t\t\t\t\t<div class=\"elementor-column elementor-col-100 elementor-top-column elementor-element elementor-element-726cdb50\" data-id=\"726cdb50\" data-element_type=\"column\" data-e-type=\"column\" data-settings=\"{&quot;background_background&quot;:&quot;classic&quot;}\">\n\t\t\t<div class=\"elementor-widget-wrap elementor-element-populated\">\n\t\t\t\t\t\t<div class=\"elementor-element elementor-element-51f6f49c elementor--h-position-center elementor--v-position-middle elementor-arrows-position-inside elementor-pagination-position-inside elementor-widget elementor-widget-slides\" data-id=\"51f6f49c\" data-element_type=\"widget\" data-e-type=\"widget\" data-settings=\"{&quot;transition&quot;:&quot;fade&quot;,&quot;autoplay_speed&quot;:15000,&quot;navigation&quot;:&quot;both&quot;,&quot;autoplay&quot;:&quot;yes&quot;,&quot;pause_on_hover&quot;:&quot;yes&quot;,&quot;pause_on_interaction&quot;:&quot;yes&quot;,&quot;infinite&quot;:&quot;yes&quot;,&quot;transition_speed&quot;:500}\" data-widget_type=\"slides.default\">\n\t\t\t\t<div class=\"elementor-widget-container\">\n\t\t\t\t\t\t\t\t\t<div class=\"elementor-swiper\">\n\t\t\t\t\t<div class=\"elementor-slides-wrapper elementor-main-swiper swiper\" role=\"region\" aria-roledescription=\"carousel\" aria-label=\"Slides\" dir=\"ltr\" data-animation=\"\">\n\t\t\t\t<div class=\"swiper-wrapper elementor-slides\">\n\t\t\t\t\t\t\t\t\t\t<div class=\"elementor-repeater-item-ddca635 swiper-slide\" role=\"group\" aria-roledescription=\"slide\"><div class=\"swiper-slide-bg\" role=\"img\" aria-label=\"helloquence-51716-1120px.jpg\"><\/div><div class=\"elementor-background-overlay\"><\/div><div class=\"swiper-slide-inner\" ><div class=\"swiper-slide-contents\"><div class=\"elementor-slide-heading\">CURSO<\/div><div class=\"elementor-slide-description\">IRC - ENCERRAMENTO DE CONTAS 2025 \u2013 ALGUNS IMPACTOS FISCAIS A TER EM CONTA<\/div><a href=\"https:\/\/www.apc.pt\/wp\/curso-encerramento-de-contas-2024\/\" class=\"elementor-button elementor-slide-button elementor-size-sm\">Ler mais<\/a><\/div><\/div><\/div><div class=\"elementor-repeater-item-356a97f swiper-slide\" role=\"group\" aria-roledescription=\"slide\"><div class=\"swiper-slide-bg\" role=\"img\" aria-label=\"helloquence-51716-1120px.jpg\"><\/div><div class=\"elementor-background-overlay\"><\/div><div class=\"swiper-slide-inner\" ><div class=\"swiper-slide-contents\"><div class=\"elementor-slide-heading\">QUEM SOMOS<\/div><div class=\"elementor-slide-description\">A APC - Associa\u00e7\u00e3o Portuguesa de Contabilistas, criada no ano de 1975, \u00e9 uma entidade de car\u00e1cter predominantemente socioprofissional e cultural, congregando\u00a0 os diplomados com bacharelato e\/ou licenciatura, cujos cursos t\u00eam, como componente nuclear, a Contabilidade em sentido lato, visando habilitar os seus associados para o melhor desempenho profissional.<\/div><a href=\"https:\/\/www.apc.pt\/wp\/wp-content\/uploads\/2018\/01\/Quem-somos-1.pdf\" target=\"_blank\" rel=\"nofollow\" class=\"elementor-button elementor-slide-button elementor-size-sm\">Ler mais<\/a><\/div><\/div><\/div><div class=\"elementor-repeater-item-hpi3zkl swiper-slide\" role=\"group\" aria-roledescription=\"slide\"><div class=\"swiper-slide-bg\" role=\"img\" aria-label=\"davide-cantelli-153517-300px.jpg\"><\/div><div class=\"elementor-background-overlay\"><\/div><div class=\"swiper-slide-inner\" ><div class=\"swiper-slide-contents\"><div class=\"elementor-slide-heading\">UTILIDADE P\u00daBLICA<\/div><div class=\"elementor-slide-description\">A APC tem o estatuto de utilidade p\u00fablica, conforme despacho que se transcreve.\n\nO processo do reconhecimento de utilidade p\u00fablica iniciou-se em 1982, sendo-nos grato assinalar o sucesso que constituiu a persist\u00eancia na obten\u00e7\u00e3o do reconhecimento de uma a\u00e7\u00e3o que sempre consideramos leg\u00edtima. Estamos todos de parab\u00e9ns.<\/div><a href=\"https:\/\/www.apc.pt\/wp\/wp-content\/uploads\/2018\/01\/Utilidade_Publica.pdf\" target=\"_blank\" rel=\"nofollow\" class=\"elementor-button elementor-slide-button elementor-size-sm\">Ler mais...<\/a><\/div><\/div><\/div><div class=\"elementor-repeater-item-qzsno0u swiper-slide\" role=\"group\" aria-roledescription=\"slide\"><div class=\"swiper-slide-bg\" role=\"img\" aria-label=\"jazmin-quaynor-106654-1120px.jpg\"><\/div><div class=\"elementor-background-overlay\"><\/div><div class=\"swiper-slide-inner\" ><div class=\"swiper-slide-contents\"><div class=\"elementor-slide-heading\">ESTATUTOS<\/div><div class=\"elementor-slide-description\">Nos termos gerais do direito e da legisla\u00e7\u00e3o aplic\u00e1vel, foi constitu\u00edda por escritura p\u00fablica de tr\u00eas de Mar\u00e7o de mil novecentos e setenta e cinco, uma Associa\u00e7\u00e3o sem fins lucrativos nem limite de\u00a0tempo, que se rege pelos presentes Estatutos e que adotou o nome de ASSOCIA\u00c7\u00c3O PORTUGUESA DE CONTABILISTAS.<\/div><a href=\"https:\/\/www.apc.pt\/wp\/wp-content\/uploads\/2017\/07\/Estatutos.pdf\" target=\"_blank\" rel=\"nofollow\" class=\"elementor-button elementor-slide-button elementor-size-sm\">Ler mais...<\/a><\/div><\/div><\/div><div class=\"elementor-repeater-item-psiurmn swiper-slide\" role=\"group\" aria-roledescription=\"slide\"><div class=\"swiper-slide-bg\" role=\"img\" aria-label=\"benjamin-child-17946-1120px.jpg\"><\/div><div class=\"elementor-background-overlay\"><\/div><div class=\"swiper-slide-inner\" ><div class=\"swiper-slide-contents\"><div class=\"elementor-slide-heading\">Org\u00e3os Sociais<\/div><div class=\"elementor-slide-description\">Os Org\u00e3os Sociais da APC s\u00e3o...<\/div><a href=\"https:\/\/www.apc.pt\/wp\/wp-content\/uploads\/2024\/08\/Orgaos-Sociais-Trienio-2024-2026.pdf\" target=\"_blank\" rel=\"nofollow\" class=\"elementor-button elementor-slide-button elementor-size-sm\">Ler mais...<\/a><\/div><\/div><\/div>\t\t\t\t<\/div>\n\t\t\t\t\t\t\t\t\t\t\t\t\t\t\t<div class=\"elementor-swiper-button elementor-swiper-button-prev\" role=\"button\" tabindex=\"0\" aria-label=\"Previous slide\">\n\t\t\t\t\t\t\t<i aria-hidden=\"true\" class=\"eicon-chevron-left\"><\/i>\t\t\t\t\t\t<\/div>\n\t\t\t\t\t\t<div class=\"elementor-swiper-button elementor-swiper-button-next\" role=\"button\" tabindex=\"0\" aria-label=\"Next slide\">\n\t\t\t\t\t\t\t<i aria-hidden=\"true\" class=\"eicon-chevron-right\"><\/i>\t\t\t\t\t\t<\/div>\n\t\t\t\t\t\t\t\t\t\t\t\t\t\t\t\t<div class=\"swiper-pagination\"><\/div>\n\t\t\t\t\t\t\t\t\t\t\t\t<\/div>\n\t\t\t\t<\/div>\n\t\t\t\t\t\t\t\t<\/div>\n\t\t\t\t<\/div>\n\t\t\t\t\t<\/div>\n\t\t<\/div>\n\t\t\t\t\t<\/div>\n\t\t<\/section>\n\t\t\t\t<\/div>\n\t\t","protected":false},"excerpt":{"rendered":"<p>CURSOIRC &#8211; ENCERRAMENTO DE CONTAS 2025 \u2013 ALGUNS IMPACTOS FISCAIS A TER EM CONTALer maisQUEM SOMOSA APC &#8211; Associa\u00e7\u00e3o Portuguesa de Contabilistas, criada no ano de 1975, \u00e9 uma entidade de car\u00e1cter predominantemente socioprofissional e cultural, congregando\u00a0 os diplomados com bacharelato e\/ou licenciatura, cujos cursos t\u00eam, como componente nuclear, a Contabilidade em sentido lato, visando [&hellip;]<\/p>\n","protected":false},"author":1,"featured_media":0,"parent":0,"menu_order":0,"comment_status":"closed","ping_status":"closed","template":"","meta":{"_exactmetrics_skip_tracking":false,"_exactmetrics_sitenote_active":false,"_exactmetrics_sitenote_note":"","_exactmetrics_sitenote_category":0,"footnotes":""},"class_list":["post-1746","page","type-page","status-publish","hentry"],"yoast_head":"<!-- This site is optimized with the Yoast SEO plugin v27.3 - https:\/\/yoast.com\/product\/yoast-seo-wordpress\/ -->\n<title>In\u00edcio - Associa\u00e7\u00e3o Portuguesa de Contabilistas<\/title>\n<meta name=\"robots\" content=\"index, follow, max-snippet:-1, max-image-preview:large, max-video-preview:-1\" \/>\n<link rel=\"canonical\" href=\"https:\/\/www.apc.pt\/wp\/\" \/>\n<meta property=\"og:locale\" content=\"pt_PT\" \/>\n<meta property=\"og:type\" content=\"article\" \/>\n<meta property=\"og:title\" content=\"In\u00edcio - Associa\u00e7\u00e3o Portuguesa de Contabilistas\" \/>\n<meta property=\"og:description\" content=\"CURSOIRC &#8211; ENCERRAMENTO DE CONTAS 2025 \u2013 ALGUNS IMPACTOS FISCAIS A TER EM CONTALer maisQUEM SOMOSA APC &#8211; Associa\u00e7\u00e3o Portuguesa de Contabilistas, criada no ano de 1975, \u00e9 uma entidade de car\u00e1cter predominantemente socioprofissional e cultural, congregando\u00a0 os diplomados com bacharelato e\/ou licenciatura, cujos cursos t\u00eam, como componente nuclear, a Contabilidade em sentido lato, visando [&hellip;]\" \/>\n<meta property=\"og:url\" content=\"https:\/\/www.apc.pt\/wp\/\" \/>\n<meta property=\"og:site_name\" content=\"Associa\u00e7\u00e3o Portuguesa de Contabilistas\" \/>\n<meta property=\"article:publisher\" content=\"https:\/\/www.facebook.com\/APContabilistas\/\" \/>\n<meta property=\"article:modified_time\" content=\"2025-11-27T15:56:08+00:00\" \/>\n<meta name=\"twitter:card\" content=\"summary_large_image\" \/>\n<meta name=\"twitter:site\" content=\"@apcontabilistas\" \/>\n<meta name=\"twitter:label1\" content=\"Tempo estimado de leitura\" \/>\n\t<meta name=\"twitter:data1\" content=\"3 minutos\" \/>\n<script type=\"application\/ld+json\" class=\"yoast-schema-graph\">{\"@context\":\"https:\\\/\\\/schema.org\",\"@graph\":[{\"@type\":\"WebPage\",\"@id\":\"https:\\\/\\\/www.apc.pt\\\/wp\\\/\",\"url\":\"https:\\\/\\\/www.apc.pt\\\/wp\\\/\",\"name\":\"In\u00edcio - Associa\u00e7\u00e3o Portuguesa de Contabilistas\",\"isPartOf\":{\"@id\":\"https:\\\/\\\/www.apc.pt\\\/wp\\\/#website\"},\"datePublished\":\"2022-04-14T10:52:38+00:00\",\"dateModified\":\"2025-11-27T15:56:08+00:00\",\"breadcrumb\":{\"@id\":\"https:\\\/\\\/www.apc.pt\\\/wp\\\/#breadcrumb\"},\"inLanguage\":\"pt-PT\",\"potentialAction\":[{\"@type\":\"ReadAction\",\"target\":[\"https:\\\/\\\/www.apc.pt\\\/wp\\\/\"]}]},{\"@type\":\"BreadcrumbList\",\"@id\":\"https:\\\/\\\/www.apc.pt\\\/wp\\\/#breadcrumb\",\"itemListElement\":[{\"@type\":\"ListItem\",\"position\":1,\"name\":\"In\u00edcio\",\"item\":\"https:\\\/\\\/www.apc.pt\\\/wp\\\/\"},{\"@type\":\"ListItem\",\"position\":2,\"name\":\"In\u00edcio\"}]},{\"@type\":\"WebSite\",\"@id\":\"https:\\\/\\\/www.apc.pt\\\/wp\\\/#website\",\"url\":\"https:\\\/\\\/www.apc.pt\\\/wp\\\/\",\"name\":\"Associa\u00e7\u00e3o Portuguesa de Contabilistas\",\"description\":\"A APOIAR, FORMAR E INFORMAR DESDE 1975\",\"publisher\":{\"@id\":\"https:\\\/\\\/www.apc.pt\\\/wp\\\/#organization\"},\"potentialAction\":[{\"@type\":\"SearchAction\",\"target\":{\"@type\":\"EntryPoint\",\"urlTemplate\":\"https:\\\/\\\/www.apc.pt\\\/wp\\\/?s={search_term_string}\"},\"query-input\":{\"@type\":\"PropertyValueSpecification\",\"valueRequired\":true,\"valueName\":\"search_term_string\"}}],\"inLanguage\":\"pt-PT\"},{\"@type\":\"Organization\",\"@id\":\"https:\\\/\\\/www.apc.pt\\\/wp\\\/#organization\",\"name\":\"APC - Associa\u00e7\u00e3o Portuguesa de Contabilistas\",\"url\":\"https:\\\/\\\/www.apc.pt\\\/wp\\\/\",\"logo\":{\"@type\":\"ImageObject\",\"inLanguage\":\"pt-PT\",\"@id\":\"https:\\\/\\\/www.apc.pt\\\/wp\\\/#\\\/schema\\\/logo\\\/image\\\/\",\"url\":\"https:\\\/\\\/www.apc.pt\\\/wp\\\/wp-content\\\/uploads\\\/2017\\\/09\\\/cropped-cropped-APC_Logo_NOVO_transparente.png\",\"contentUrl\":\"https:\\\/\\\/www.apc.pt\\\/wp\\\/wp-content\\\/uploads\\\/2017\\\/09\\\/cropped-cropped-APC_Logo_NOVO_transparente.png\",\"width\":391,\"height\":148,\"caption\":\"APC - Associa\u00e7\u00e3o Portuguesa de Contabilistas\"},\"image\":{\"@id\":\"https:\\\/\\\/www.apc.pt\\\/wp\\\/#\\\/schema\\\/logo\\\/image\\\/\"},\"sameAs\":[\"https:\\\/\\\/www.facebook.com\\\/APContabilistas\\\/\",\"https:\\\/\\\/x.com\\\/apcontabilistas\",\"https:\\\/\\\/pt.linkedin.com\\\/in\\\/apcontabilistas\"]}]}<\/script>\n<!-- \/ Yoast SEO plugin. -->","yoast_head_json":{"title":"In\u00edcio - Associa\u00e7\u00e3o Portuguesa de Contabilistas","robots":{"index":"index","follow":"follow","max-snippet":"max-snippet:-1","max-image-preview":"max-image-preview:large","max-video-preview":"max-video-preview:-1"},"canonical":"https:\/\/www.apc.pt\/wp\/","og_locale":"pt_PT","og_type":"article","og_title":"In\u00edcio - Associa\u00e7\u00e3o Portuguesa de Contabilistas","og_description":"CURSOIRC &#8211; ENCERRAMENTO DE CONTAS 2025 \u2013 ALGUNS IMPACTOS FISCAIS A TER EM CONTALer maisQUEM SOMOSA APC &#8211; Associa\u00e7\u00e3o Portuguesa de Contabilistas, criada no ano de 1975, \u00e9 uma entidade de car\u00e1cter predominantemente socioprofissional e cultural, congregando\u00a0 os diplomados com bacharelato e\/ou licenciatura, cujos cursos t\u00eam, como componente nuclear, a Contabilidade em sentido lato, visando [&hellip;]","og_url":"https:\/\/www.apc.pt\/wp\/","og_site_name":"Associa\u00e7\u00e3o Portuguesa de Contabilistas","article_publisher":"https:\/\/www.facebook.com\/APContabilistas\/","article_modified_time":"2025-11-27T15:56:08+00:00","twitter_card":"summary_large_image","twitter_site":"@apcontabilistas","twitter_misc":{"Tempo estimado de leitura":"3 minutos"},"schema":{"@context":"https:\/\/schema.org","@graph":[{"@type":"WebPage","@id":"https:\/\/www.apc.pt\/wp\/","url":"https:\/\/www.apc.pt\/wp\/","name":"In\u00edcio - Associa\u00e7\u00e3o Portuguesa de Contabilistas","isPartOf":{"@id":"https:\/\/www.apc.pt\/wp\/#website"},"datePublished":"2022-04-14T10:52:38+00:00","dateModified":"2025-11-27T15:56:08+00:00","breadcrumb":{"@id":"https:\/\/www.apc.pt\/wp\/#breadcrumb"},"inLanguage":"pt-PT","potentialAction":[{"@type":"ReadAction","target":["https:\/\/www.apc.pt\/wp\/"]}]},{"@type":"BreadcrumbList","@id":"https:\/\/www.apc.pt\/wp\/#breadcrumb","itemListElement":[{"@type":"ListItem","position":1,"name":"In\u00edcio","item":"https:\/\/www.apc.pt\/wp\/"},{"@type":"ListItem","position":2,"name":"In\u00edcio"}]},{"@type":"WebSite","@id":"https:\/\/www.apc.pt\/wp\/#website","url":"https:\/\/www.apc.pt\/wp\/","name":"Associa\u00e7\u00e3o Portuguesa de Contabilistas","description":"A APOIAR, FORMAR E INFORMAR DESDE 1975","publisher":{"@id":"https:\/\/www.apc.pt\/wp\/#organization"},"potentialAction":[{"@type":"SearchAction","target":{"@type":"EntryPoint","urlTemplate":"https:\/\/www.apc.pt\/wp\/?s={search_term_string}"},"query-input":{"@type":"PropertyValueSpecification","valueRequired":true,"valueName":"search_term_string"}}],"inLanguage":"pt-PT"},{"@type":"Organization","@id":"https:\/\/www.apc.pt\/wp\/#organization","name":"APC - Associa\u00e7\u00e3o Portuguesa de Contabilistas","url":"https:\/\/www.apc.pt\/wp\/","logo":{"@type":"ImageObject","inLanguage":"pt-PT","@id":"https:\/\/www.apc.pt\/wp\/#\/schema\/logo\/image\/","url":"https:\/\/www.apc.pt\/wp\/wp-content\/uploads\/2017\/09\/cropped-cropped-APC_Logo_NOVO_transparente.png","contentUrl":"https:\/\/www.apc.pt\/wp\/wp-content\/uploads\/2017\/09\/cropped-cropped-APC_Logo_NOVO_transparente.png","width":391,"height":148,"caption":"APC - Associa\u00e7\u00e3o Portuguesa de Contabilistas"},"image":{"@id":"https:\/\/www.apc.pt\/wp\/#\/schema\/logo\/image\/"},"sameAs":["https:\/\/www.facebook.com\/APContabilistas\/","https:\/\/x.com\/apcontabilistas","https:\/\/pt.linkedin.com\/in\/apcontabilistas"]}]}},"_links":{"self":[{"href":"https:\/\/www.apc.pt\/wp\/wp-json\/wp\/v2\/pages\/1746","targetHints":{"allow":["GET"]}}],"collection":[{"href":"https:\/\/www.apc.pt\/wp\/wp-json\/wp\/v2\/pages"}],"about":[{"href":"https:\/\/www.apc.pt\/wp\/wp-json\/wp\/v2\/types\/page"}],"author":[{"embeddable":true,"href":"https:\/\/www.apc.pt\/wp\/wp-json\/wp\/v2\/users\/1"}],"replies":[{"embeddable":true,"href":"https:\/\/www.apc.pt\/wp\/wp-json\/wp\/v2\/comments?post=1746"}],"version-history":[{"count":172,"href":"https:\/\/www.apc.pt\/wp\/wp-json\/wp\/v2\/pages\/1746\/revisions"}],"predecessor-version":[{"id":2792,"href":"https:\/\/www.apc.pt\/wp\/wp-json\/wp\/v2\/pages\/1746\/revisions\/2792"}],"wp:attachment":[{"href":"https:\/\/www.apc.pt\/wp\/wp-json\/wp\/v2\/media?parent=1746"}],"curies":[{"name":"wp","href":"https:\/\/api.w.org\/{rel}","templated":true}]}}